{"id":3109,"date":"2023-03-20T12:08:37","date_gmt":"2023-03-20T11:08:37","guid":{"rendered":"https:\/\/badzow.pl\/hotel\/?page_id=3109"},"modified":"2023-03-20T12:09:12","modified_gmt":"2023-03-20T11:09:12","slug":"regulamin-hotelowy","status":"publish","type":"page","link":"https:\/\/badzow.pl\/hotel\/regulamin-hotelowy\/","title":{"rendered":"Regulamin hotelowy"},"content":{"rendered":"\n<p class=\"has-text-align-center\"><strong>REGULAMIN HOTELOWY<\/strong><\/p>\n\n\n\n<p><strong>W\u0142a\u015bciciele Zespo\u0142u Pa\u0142acowo \u2013 Parkowego B\u0105dz\u00f3w wysoko b\u0119d\u0105 ceni\u0107 Pa\u0144stwa wsp\u00f3\u0142prac\u0119 w przestrzeganiu tego regulaminu, kt\u00f3ry ma s\u0142u\u017cy\u0107 zapewnieniu spokojnego i bezpiecznego pobytu Go\u015bci.<\/strong><\/p>\n\n\n\n<p class=\"has-text-align-center\"><strong>\u00a71<\/strong><\/p>\n\n\n\n<p>1. Regulamin obowi\u0105zuj\u0119 wszystkich Go\u015bci Hotelowych i okre\u015bla zasady przybywania na terenie Hotelu, \u015bwiadczenia us\u0142ug oraz odpowiedzialno\u015bci, stanowi\u0105c integraln\u0105 cz\u0119\u015b\u0107 umowy o \u015bwiadczenie us\u0142ugi hotelowej, do zawarcia kt\u00f3rej dochodzi poprzez dokonanie rezerwacji lub zaliczkowej zap\u0142aty za pobyt w Hotelu.<\/p>\n\n\n\n<p class=\"has-text-align-center\"><strong>\u00a72<\/strong><\/p>\n\n\n\n<p>1. Pok\u00f3j w Hotelu wynajmowany jest na doby hotelowe.<\/p>\n\n\n\n<p>2. Je\u015bli Go\u015b\u0107 wynajmuj\u0105c pok\u00f3j nie okre\u015bli czasu pobytu, przyjmuj\u0119 si\u0119, \u017ce pok\u00f3j zosta\u0142 wynaj\u0119ty na jedn\u0105 dob\u0119.<\/p>\n\n\n\n<p>3. Doba hotelowa trwa od godziny 14:00 do godziny 11:00 dnia nast\u0119pnego.<\/p>\n\n\n\n<p>4. \u017byczenie przed\u0142u\u017cenia pobytu poza okres wskazany w rezerwacji lub w dniu przybycia, Go\u015b\u0107 hotelowy powinien zg\u0142osi\u0107 w Recepcji do godz. 11:00 dnia, w kt\u00f3rym up\u0142ywa termin wynajmu pokoju. Hotel uwzgl\u0119dni \u017cyczenie przed\u0142u\u017cenia pobytu w miar\u0119 posiadanych mo\u017cliwo\u015bci. Hotel mo\u017ce odm\u00f3wi\u0107 przed\u0142u\u017cenia pobytu, je\u015bli nie posiada wolnych pokoi, w przypadku Go\u015bci nie przestrzegaj\u0105cych niniejszego regulaminu lub nie dokonania zap\u0142aty za dotychczasowy pobyt.<\/p>\n\n\n\n<p class=\"has-text-align-center\"><strong>\u00a73<\/strong><\/p>\n\n\n\n<p>1. Go\u015b\u0107 Hotelowy winien okaza\u0107 przy zameldowaniu dokument to\u017csamo\u015bci ze zdj\u0119ciem<\/p>\n\n\n\n<p>2. Go\u015b\u0107 Hotelowy nie mo\u017ce przekazywa\u0107 pokoju innym osobom, nawet je\u015bli nie up\u0142yn\u0105\u0142 okres, za kt\u00f3ry ui\u015bci\u0142 op\u0142at\u0119 nale\u017cn\u0105 za pobyt.<\/p>\n\n\n\n<p><strong>3. Hotel zastrzega sobie prawo do za\u017c\u0105dania od Go\u015bcia depozytu lub pre\u2013autoryzacji<\/strong><\/p>\n\n\n\n<p><strong>na karcie kredytowej na poczet p\u0142atno\u015bci zwi\u0105zanych z pobytem, a nadto zastrzega sobie mo\u017cliwo\u015b\u0107 obci\u0105\u017cenia po wyje\u017adzie Go\u015bcia jego karty kredytowej (lub podobnej) za wyrz\u0105dzone szkody lub niezap\u0142acone rachunki.<\/strong><\/p>\n\n\n\n<p>4. Osoby niezameldowane w Hotelu (kt\u00f3rych pobyt nie zosta\u0142 zg\u0142oszony) mog\u0105 przebywa\u0107 w pokoju hotelowym od godz. 7:00 do godz. 22:00 . Po godzinie 22:00 istnieje obowi\u0105zek meldowania dodatkowych os\u00f3b przebywaj\u0105cych z Go\u015b\u0107mi w pokoju za dodatkow\u0105 op\u0142at\u0105 200 z\u0142<\/p>\n\n\n\n<p><strong>5. Hotel mo\u017ce odm\u00f3wi\u0107 przyj\u0119cia Go\u015bcia, kt\u00f3ry podczas poprzedniego pobytu ra\u017c\u0105co naruszy\u0142 regulamin, w szczeg\u00f3lno\u015bci poprzez wyrz\u0105dzenie szkody na osobie lub mieniu go\u015bci Hotelowych, pracownik\u00f3w Hotelu, innych os\u00f3b, a tak\u017ce na mieniu Hotelowym albo te\u017c w inny spos\u00f3b zak\u0142\u00f3ci\u0142 spokojny pobyt go\u015bci lub funkcjonowanie Hotelu.<\/strong><\/p>\n\n\n\n<p><strong>6. Bez kosztowe anulowanie rezerwacji jest mo\u017cliwe do 1 dnia przed przyjazdem go\u015bcia w godzinach pracy recepcji czyli od 06:30 do 24.00<\/strong><\/p>\n\n\n\n<p><strong>7. Go\u015b\u0107 hotelowy posiada opcje przed\u0142u\u017cenia bezkosztowo doby hotelowej do godz.13.00 po \u00f3wczesnym poinformowaniu recepcji oraz zgody ze strony pracownika<\/strong><\/p>\n\n\n\n<p><strong>8. Hotel zastrzega sobie obci\u0105\u017cenie go\u015bcia kosztami anulacji w dniu planowanego przybycia,w zwi\u0105zku z blokowaniem pokoju; tylko za 1 dob\u0119 , co oznacza nie mo\u017cno\u015b\u0107 jego sprzeda\u017cy, tym samy przek\u0142adaj\u0105c si\u0119 na straty finansowe hotelu.<\/strong><\/p>\n\n\n\n<p><strong>9. Rezerwacje mailowe oraz tel. powinny co najmniej dzie\u0144 przed planowanym przyjazdem zabezpieczone przedp\u0142at\u0105 lub pre-autoryzacj\u0105 karty kredytowej za pierwsz\u0105 dob\u0119 rezerwacji w\u00f3wczas rezerwacja jest gwarantowana. Je\u015bli wy\u017cej wymienione zasady nie zostan\u0105 spe\u0142nione hotel zastrzega sobie mo\u017cliwo\u015b\u0107 anulowania rezerwacji do godziny 18.00 w dniu przyjazdu.<\/strong><\/p>\n\n\n\n<p><strong>10. Zakaz wieszania rzeczy (ubra\u0144, r\u0119cznik\u00f3w itp.) na panelach grzewczych w pokojach pod gro\u017aba kary w wysoko\u015bci 2000 -3000 z\u0142 za uszkodzonych sprz\u0119t.<\/strong><\/p>\n\n\n\n<p class=\"has-text-align-center\"><strong>\u00a74<\/strong><\/p>\n\n\n\n<p><strong>1. Hotel \u015bwiadczy us\u0142ugi zgodnie ze swoj\u0105 kategori\u0105 i standardem.<\/strong><\/p>\n\n\n\n<p><strong>2. W przypadku zastrze\u017ce\u0144 dotycz\u0105cych jako\u015bci us\u0142ug Go\u015b\u0107 jest poproszony o jak najszybsze zg\u0142aszanie ich w Recepcji, co umo\u017cliwi Hotelowi popraw\u0119 standardu \u015bwiadczonych us\u0142ug lub odpowiedni\u0105 reakcj\u0119.<\/strong><\/p>\n\n\n\n<p><strong>3. Hotel zapewnia :<\/strong><\/p>\n\n\n\n<p><strong>a) warunki do wypoczynku Go\u015bcia,<\/strong><\/p>\n\n\n\n<p><strong>b) bezpiecze\u0144stwo pobytu, w tym bezpiecze\u0144stwo zachowania tajemnicy informacji o Go\u015bciu,<\/strong><\/p>\n\n\n\n<p><strong>c) profesjonaln\u0105 i uprzejm\u0105 obs\u0142ug\u0119 w zakresie wszystkich \u015bwiadczonych us\u0142ug w Hotelu,<\/strong><\/p>\n\n\n\n<p><strong>d) sprz\u0105tanie pokoju i wykonywanie niezb\u0119dnej naprawy urz\u0105dze\u0144 podczas nieobecno\u015bci Go\u015bcia, a w jego obecno\u015bci tylko w\u00f3wczas, gdy wyrazi takie \u017cyczenie,<\/strong><\/p>\n\n\n\n<p><strong>e) sprawny pod wzgl\u0119dem technicznym pok\u00f3j; w przypadku wyst\u0105pienia usterek, kt\u00f3re nie b\u0119d\u0105 mog\u0142y by\u0107 niezw\u0142acznie usuni\u0119te, hotel do\u0142o\u017cy stara\u0144, aby \u2013 w miar\u0119 mo\u017cliwo\u015bci \u2013 zmieni\u0107 pok\u00f3j lub w inny spos\u00f3b za\u0142agodzi\u0107 niedogodno\u015bci.<\/strong><\/p>\n\n\n\n<p class=\"has-text-align-center\"><strong><strong>\u00a7<\/strong>5<\/strong><\/p>\n\n\n\n<p><strong>1. W Hotelu obowi\u0105zuje cisza nocna od godziny 22:00 do godziny 06:00 rano.<\/strong><\/p>\n\n\n\n<p><strong>2. Zachowanie go\u015bci i os\u00f3b korzystaj\u0105cych z us\u0142ug Hotelu nie powinno zak\u0142<\/strong><strong>\u00f3<\/strong><strong>ca\u0107 spokojnego pobytu innych Go\u015bci. Hotel mo\u017ce odm\u00f3wi\u0107 dalszego \u015bwiadczenia us\u0142ug osobie, kt\u00f3ra narusza t\u0119 zasad\u0119, co nie zwalnia Go\u015bcia z obowi\u0105zku zap\u0142aty za dotychczasowy pobyt (ka\u017cd\u0105 rozpocz\u0119t\u0105 dob\u0119 hotelow\u0105) i \u015bwiadczone us\u0142ugi dodatkowe oraz ewentualne wyrz\u0105dzone szkody.<\/strong><\/p>\n\n\n\n<p><strong>3. W trosce o bezpieczny i komfortowy pobyt Go\u015bci na terenie Hotelu obowi\u0105zuj\u0105 nast\u0119puj\u0105ce zasady porz\u0105dkowe<\/strong><\/p>\n\n\n\n<p><strong>a) ze wzgl\u0119du na bezpiecze\u0144stwo przeciwpo\u017carowe zabronione jest u\u017cywanie w pokojach hotelowych grza\u0142ek i innych podobnych urz\u0105dze\u0144 stanowi\u0105cych wyposa\u017cenia pokoju;<\/strong><\/p>\n\n\n\n<p><strong>b) zabronione jest wnoszenie i przechowywanie materia\u0142\u00f3w niebezpiecznych, w tym broni, amunicji, \u0142adunk\u00f3w wybuchowych, materia\u0142\u00f3w \u0142atwopalnych, iluminacyjnych, substancji truj\u0105cych, \u017cr\u0105cych,<\/strong><\/p>\n\n\n\n<p><strong>c) zabronione ca\u0142kowicie jest palenie tytoniu. W innym przypadku zostanie na\u0142o\u017cona kara wysoko\u015bci 1000 z\u0142.<\/strong><\/p>\n\n\n\n<p><strong>d) dzieci poni\u017cej 16 roku \u017cycia powinny znajdowa\u0107 si\u0119 pod sta\u0142ym nadzorem os\u00f3b doros\u0142ych<\/strong><\/p>\n\n\n\n<p><strong>e) nie s\u0105 dozwolone zmiany w pokojach hotelowych i w ich wyposa\u017ceniu poza nieznacznym przestawieniem drobnych ruchomych mebli wyposa\u017cenia w spos\u00f3b nienaruszaj\u0105cych funkcjonalno\u015bci i bezpiecze\u0144stwa; w tym ingerencja w jakiekolwiek instalacje lub urz\u0105dzenia znajduj\u0105ce si\u0119 w Hotelu,<\/strong><\/p>\n\n\n\n<p><strong>f) zabronione jest emitowanie nadmiernego ha\u0142asu, nieprzyjemnych zapach\u00f3w, zak\u0142\u00f3caj\u0105cych pobyt innych os\u00f3b w Hotelu,<\/strong><\/p>\n\n\n\n<p><strong>g) obowi\u0105zuje zakaz przebywania Go\u015bci w miejscach gdzie odbywaj\u0105 si\u0119 spotkania, konferencje, wesela i inne imprezy okoliczno\u015bciowe je\u017celi go\u015b\u0107 hotelu nie jest osob\u0105 zaproszon\u0105 lub uczestnikiem<\/strong><\/p>\n\n\n\n<p><strong>h) W Hotelu obowi\u0105zuje bezwzgl\u0119dny zakaz przebywania zwierz\u0105t domowych<\/strong><\/p>\n\n\n\n<p><strong>Za niepoinformowanie recepcji hotelu o posiadaniu zwierz\u0119cia w pokoju, zostanie na\u0142o\u017cona kara w wysoko\u015bci <\/strong><strong>500<\/strong><strong>z\u0142<\/strong><\/p>\n","protected":false},"excerpt":{"rendered":"<p>REGULAMIN HOTELOWY W\u0142a\u015bciciele Zespo\u0142u Pa\u0142acowo \u2013 Parkowego B\u0105dz\u00f3w wysoko b\u0119d\u0105 ceni\u0107 Pa\u0144stwa wsp\u00f3\u0142prac\u0119 w przestrzeganiu tego regulaminu, kt\u00f3ry ma s\u0142u\u017cy\u0107 zapewnieniu spokojnego i bezpiecznego pobytu Go\u015bci.<span class=\"excerpt-hellip\"> [\u2026]<\/span><\/p>\n","protected":false},"author":1,"featured_media":0,"parent":0,"menu_order":0,"comment_status":"closed","ping_status":"closed","template":"","meta":[],"_links":{"self":[{"href":"https:\/\/badzow.pl\/hotel\/wp-json\/wp\/v2\/pages\/3109"}],"collection":[{"href":"https:\/\/badzow.pl\/hotel\/wp-json\/wp\/v2\/pages"}],"about":[{"href":"https:\/\/badzow.pl\/hotel\/wp-json\/wp\/v2\/types\/page"}],"author":[{"embeddable":true,"href":"https:\/\/badzow.pl\/hotel\/wp-json\/wp\/v2\/users\/1"}],"replies":[{"embeddable":true,"href":"https:\/\/badzow.pl\/hotel\/wp-json\/wp\/v2\/comments?post=3109"}],"version-history":[{"count":2,"href":"https:\/\/badzow.pl\/hotel\/wp-json\/wp\/v2\/pages\/3109\/revisions"}],"predecessor-version":[{"id":3112,"href":"https:\/\/badzow.pl\/hotel\/wp-json\/wp\/v2\/pages\/3109\/revisions\/3112"}],"wp:attachment":[{"href":"https:\/\/badzow.pl\/hotel\/wp-json\/wp\/v2\/media?parent=3109"}],"curies":[{"name":"wp","href":"https:\/\/api.w.org\/{rel}","templated":true}]}}