{"id":905,"date":"2017-08-17T21:35:24","date_gmt":"2017-08-17T19:35:24","guid":{"rendered":"http:\/\/pieta.kylos.pl\/badzow01.pl\/?page_id=905"},"modified":"2017-09-18T09:07:38","modified_gmt":"2017-09-18T07:07:38","slug":"uklady-stolow","status":"publish","type":"page","link":"https:\/\/badzow.pl\/wesela\/uklady-stolow\/","title":{"rendered":"Uk\u0142ady sto\u0142\u00f3w"},"content":{"rendered":"<p>[vc_row][vc_column][vc_raw_html]JTNDc3R5bGUlM0UlMEElNDBpbXBvcnQlMjB1cmwlMjglMjdodHRwcyUzQSUyRiUyRmZvbnRzLmdvb2dsZWFwaXMuY29tJTJGY3NzJTNGZmFtaWx5JTNEQ2luemVsJTdDRm9ydW0lN0NJTSUyQkZlbGwlMkJGcmVuY2glMkJDYW5vbiUyQlNDJTdDT2xkJTJCU3RhbmRhcmQlMkJUVCU3Q09yYW5pZW5iYXVtJTdDUGxheWZhaXIlMkJEaXNwbGF5JTdDUGxheWZhaXIlMkJEaXNwbGF5JTJCU0MlMjclMjklM0IlMEElMEFoMSUyMCUyMCUyMCU3QiUwQSUyMCUyMCUyMCUyMCUyMCUyMGZvbnQtZmFtaWx5JTNBJTIwJTI3UGxheWZhaXIlMjBEaXNwbGF5JTI3JTJDJTIwc2VyaWYlM0IlMEElMjAlMjAlMjAlMjAlMjBmb250LXNpemUlM0ElMjA0NXB4JTNCJTBBJTIwJTIwJTIwJTIwJTIwdGV4dC1hbGlnbiUzQSUyMGNlbnRlciUzQiUwQSUyMCUyMCUyMCUyMCUyMGZvbnQtc3R5bGUlM0ElMjBpdGFsaWMlM0IlMEElMjAlMjAlMjAlMjAlMjBsZXR0ZXItc3BhY2luZyUzQSUyMC0xcHglM0IlMEElMjAlMjAlMjAlMjAlMjBsaW5lLWhlaWdodCUzQSUyMDAuOSUzQiUwQSUyMCUyMCUyMCUyMCUyMGNvbG9yJTNBJTIwJTIzZDZjNDhhJTNCJTBBJTIwJTIwJTIwJTIwJTIwJTBBJTIwJTIwJTIwJTIwJTIwZm9udC13ZWlnaHQlM0ElMjA0MDAlM0IlMEElN0QlMEElMEFoMiUyMCUyMCUyMCU3QiUwQSUyMCUyMCUyMCUyMCUyMGZvbnQtZmFtaWx5JTNBJTIwJTI3UGxheWZhaXIlMjBEaXNwbGF5JTIwU0MlMjclMkMlMjBzZXJpZiUzQiUwQSUyMCUyMCUyMCUyMCUyMGZvbnQtc2l6ZSUzQSUyMDUwcHglM0IlMEElMjAlMjAlMjAlMjAlMjB0ZXh0LWFsaWduJTNBJTIwY2VudGVyJTNCJTBBJTIwJTIwJTIwJTIwJTIwbGluZS1oZWlnaHQlM0ElMjAxLjAlM0IlMEElMjAlMjAlMjAlMjAlMjBjb2xvciUzQSUyMCUyM2ZhZmFmYSUzQiUwQSUyMCUyMCUyMCUyMCUyMGZvbnQtd2VpZ2h0JTNBJTIwMzAwJTNCJTBBJTdEJTBBaDMlMjAlMjAlMjAlN0IlMEElMjAlMjAlMjAlMjAlMjBmb250LWZhbWlseSUzQSUyMCUyN1BsYXlmYWlyJTIwRGlzcGxheSUyMFNDJTI3JTJDJTIwc2VyaWYlM0IlMEElMjAlMjAlMjAlMjAlMjBmb250LXNpemUlM0ElMjAyMnB4JTNCJTBBJTIwJTIwJTIwJTIwJTIwdGV4dC1hbGlnbiUzQSUyMGNlbnRlciUzQiUwQSUyMCUyMCUyMCUyMCUyMGxpbmUtaGVpZ2h0JTNBJTIwMS4wJTNCJTBBJTIwJTIwJTIwJTIwJTIwY29sb3IlM0ElMjAlMjNmYWZhZmElM0IlMEElMjAlMjAlMjAlMjAlMjBmb250LXdlaWdodCUzQSUyMDMwMCUzQiUwQSU3RCUwQWg0JTIwJTIwJTIwJTdCJTBBJTIwJTIwJTIwJTIwZm9udC1mYW1pbHklM0ElMjAlMjdQbGF5ZmFpciUyMERpc3BsYXklMjclMkMlMjBzZXJpZiUzQiUwQSUyMCUyMCUyMCUyMCUyMGZvbnQtc2l6ZSUzQSUyMDIwcHglM0IlMEElMjAlMjAlMjAlMjAlMjAlMEElMjAlMjAlMjAlMjAlMjBsaW5lLWhlaWdodCUzQSUyMDEuMyUzQiUwQSUyMCUyMCUyMCUyMCUyMGNvbG9yJTNBJTIwJTIzNjE2MTYxJTNCJTBBJTIwJTIwJTIwJTIwJTIwZm9udC13ZWlnaHQlM0ElMjA0MDAlM0IlMEElMjAlMjAlMjAlMjAlMjBsZXR0ZXItc3BhY2luZyUzQSUyMC0xcHglM0IlMEElMjAlMjAlMjAlMjAlMjB0ZXh0LWFsaWduJTNBJTIwY2VudGVyJTNCJTBBJTdEJTBBJTBBaDYlMjAlMjAlMjAlN0IlMEElMjAlMjAlMjAlMjAlMjBmb250LWZhbWlseSUzQSUyMCUyN1BsYXlmYWlyJTIwRGlzcGxheSUyNyUyQyUyMHNlcmlmJTNCJTBBJTIwJTIwJTIwJTIwJTIwZm9udC1zaXplJTNBJTIwMTlweCUzQiUwQSUyMCUyMCUyMCUyMCUyMHRleHQtYWxpZ24lM0ElMjBqdXN0aWZ5JTNCJTBBJTIwJTIwJTIwJTIwJTIwbGluZS1oZWlnaHQlM0ElMjAxLjMlM0IlMEElMjAlMjAlMjAlMjAlMjBjb2xvciUzQSUyMCUyMzQyNDI0MiUzQiUwQSUyMCUyMCUyMCUyMCUyMGZvbnQtd2VpZ2h0JTNBJTIwMjAwJTNCJTBBJTdEJTBBJTBBaDUlMjAlMjAlMjAlN0IlMEElMjAlMjAlMjAlMjAlMjBmb250LWZhbWlseSUzQSUyMCUyN1BsYXlmYWlyJTIwRGlzcGxheSUyMFNDJTI3JTJDJTIwc2VyaWYlM0IlMEElMjAlMjAlMjAlMjAlMjBmb250LXNpemUlM0ElMjA0MnB4JTNCJTBBJTIwJTIwJTIwJTIwJTIwdGV4dC1hbGlnbiUzQSUyMGNlbnRlciUzQiUwQSUyMCUyMCUyMCUyMCUyMGxpbmUtaGVpZ2h0JTNBJTIwMC45JTNCJTBBJTIwJTIwJTIwJTIwJTIwY29sb3IlM0ElMjAlMjM0MjQyNDIlM0IlMEElMjAlMjAlMjAlMjAlMjBsZXR0ZXItc3BhY2luZyUzQSUyMC0ycHglM0IlMEElMjAlMjAlMjAlMjAlMjBmb250LXdlaWdodCUzQSUyMDMwMCUzQiUwQSU3RCUwQSUwQWhyJTIwJTdCJTBBJTIwJTIwJTIwJTIwYWxpZ24lM0ElMjBjZW50ZXIlM0IlMEElMjAlMjAlMjAlMjB3aWR0aCUzQSUyMDQwJTI1JTNCJTBBJTIwJTIwJTIwJTIwaGVpZ2h0JTNBJTIwMXB4JTNCJTBBJTIwJTIwJTIwJTIwJTBBJTdEJTBBJTBBJTBBJTNDJTJGc3R5bGUlM0U=[\/vc_raw_html][\/vc_column][\/vc_row][vc_row][vc_column][vc_raw_html]JTNDaW1nJTIwc3JjJTNEJTIyaHR0cCUzQSUyRiUyRmJhZHpvdy5wbCUyRndlc2VsYSUyRndwLWNvbnRlbnQlMkZ1cGxvYWRzJTJGMjAxNyUyRjA3JTJGZmF2XzIwMHcucG5nJTIyJTIwYWx0JTNEJTIyJTIyJTIwd2lkdGglM0QlMjIxMDAlMjIlMjBoZWlnaHQlM0QlMjI4MSUyMiUyMGNsYXNzJTNEJTIyYWxpZ25jZW50ZXIlMjBzaXplLWZ1bGwlMjB3cC1pbWFnZS04MCUyMiUyMCUyRiUzRSUwQSUzQ2g1JTNFVWslQzUlODJhZHklMjBzdG8lQzUlODIlQzMlQjN3JTNDJTJGaDUlM0UlMEElM0NoNiUzRVByZXplbnRhY2plJTJDJTIwd2Fyc3p0YXR5JTIwZWR1a2FjeWpuZSUyQyUyMGtvbmZlcmVuY2plJTJDJTIwc3ltcG96amElMjAlRTIlODAlOTMlMjB3c3p5c3RraWUlMjB0ZSUyMHd5ZGFyemVuaWElMjBtb2clQzQlODUlMjBtaWUlQzQlODclMjByb3ptYWl0ZSUyMGZvcm15JTJDJTIwYSUyMHphdGVtJTIwc3BlJUM1JTgybmlhJUM0JTg3JTIwb2RtaWVubmUlMjBmdW5rY2plLiUyMFpkYWplbXklMjBzb2JpZSUyMHNwcmF3JUM0JTk5JTJDJTIwJUM1JUJDZSUyMHVrJUM1JTgyYWQlMjBzYWxpJTIwbW8lQzUlQkNlJTIwUGElQzUlODRzdHd1JTIwdSVDNSU4MmF0d2klQzQlODclMkMlMjBhbGJvJTIwdXRydWRuaSVDNCU4NyUyMHByb3dhZHplbmllJTIwc3BvdGthbmlhLiUyMERsYXRlZ28lMjBwcnplZHN0YXdpYW15JTIwdXN0YXdpZW5pYSUyMHN0byVDNSU4MiVDMyVCM3clMjBpJTIwa3J6ZXNlJUM1JTgyJTIwcHJlZmVyb3dhbmUlMjBuYSUyMHNwb3RrYW5pYWNoJTIwYml6bmVzb3d5Y2glMjBpJTIwaW5ueWNoJTJDJTIwYWJ5JTIwd3licmFsaSUyMFBhJUM1JTg0c3R3byUyMHRlbiUyQyUyMGt0JUMzJUIzcnklMjBiJUM0JTk5ZHppZSUyMG9kcG93aWVkbmklMjBkbGElMjBwb3RyemViJTIwcHJvd2FkeiVDNCU4NWN5Y2glMjBpJTIwdWN6ZXN0bmlrJUMzJUIzdy4lM0MlMkZoNiUzRSUwQSUzQ2g2JTNFU2NoZW1hdHljem5hJTIwcHJlemVudGFjamElMjBwb3p3b2xpJTIwem9icmF6b3dhJUM0JTg3JTIwdWslQzUlODJhZHUlMjBzdG8lQzUlODIlQzMlQjN3JTJDJTIwbWFrc3ltYWxuYSUyMGxpY3piYSUyMG1pZWpzYyUyMHclMjBkYW55bSUyMHVrJUM1JTgyYWR6aWUlMjB6YXdhcnRhJTIwamVzdCUyMG5hJTIwc2NoZW1hY2llLiUzQyUyRmg2JTNF[\/vc_raw_html][\/vc_column][\/vc_row][vc_row full_width=&#8221;stretch_row&#8221; css=&#8221;.vc_custom_1503137919841{background-color: #fafafa !important;}&#8221;][vc_column width=&#8221;1\/3&#8243;][vc_raw_html]JTNDaW1nJTIwc3JjJTNEJTIyaHR0cCUzQSUyRiUyRmJhZHpvdy5wbCUyRndlc2VsYSUyRndwLWNvbnRlbnQlMkZ1cGxvYWRzJTJGMjAxNyUyRjA4JTJGc3RvbHlfdWtsYWRfdGVhdHJhbG55LmpwZyUyMiUyMGFsdCUzRCUyMiUyMiUyMHdpZHRoJTNEJTIyNTAwJTIyJTIwaGVpZ2h0JTNEJTIyNTAwJTIyJTIwY2xhc3MlM0QlMjJhbGlnbmNlbnRlciUyMGNhcmQtMSUyMHNpemUtZnVsbCUyMHdwLWltYWdlLTkxNiUyMiUyMCUyRiUzRSUwQSUzQ2JyJTNFJTBBJTNDaDYlMjBzdHlsZSUzRCUyMmZvbnQtc2l6ZSUzQSUyMDE2cHglM0IlMjB0ZXh0LWFsaWduJTNBJTIwanVzdGlmeSUzQiUyMGNvbG9yJTNBJTIwJTIzMjIyMjIyJTNCJTIyJTNFVWslQzUlODJhZCUyMHRlZ28lMjB0eXB1JTIwc3ByYXdkemElMjBzaSVDNCU5OSUyMGlkZWFsbmllJTIwcG9kY3phcyUyMG9nbCVDNCU4NWRhbmlhJTIwZCVDNSU4MnUlQzUlQkNzenljaCUyMHByZXplbnRhY2ppLiUyMEtyemVzJUM1JTgyYSUyMHUlQzUlODJvJUM1JUJDb25lJTIwcyVDNCU4NSUyMGphayUyMHclMjBraW5pZSUyMGIlQzQlODVkJUM1JUJBJTIwdGVhdHJ6ZSUyQyUyMGElMjB6YXRlbSUyMHVjemVzdG5pY3klMjBtYWolQzQlODUlMjBiYXJkem8lMjBkb2JyeSUyMHdpZG9rJTIwbmElMjBla3Jhbi4lMjBEb2RhdGtvd28lMjBrYSVDNSVCQ2R5JTIwcG9zaWFkYSUyMGRvZ29kbmUlMjBkb2olQzUlOUJjaWUlMjBkbyUyMHN3b2plZ28lMjBtaWVqc2NhLiUzQyUyRmg2JTNFJTBB[\/vc_raw_html][\/vc_column][vc_column width=&#8221;1\/3&#8243;][vc_raw_html]JTNDaW1nJTIwc3JjJTNEJTIyaHR0cCUzQSUyRiUyRmJhZHpvdy5wbCUyRndlc2VsYSUyRndwLWNvbnRlbnQlMkZ1cGxvYWRzJTJGMjAxNyUyRjA4JTJGc3RvbHlfdWtsYWRfc3prb2xueS5qcGclMjIlMjBhbHQlM0QlMjIlMjIlMjB3aWR0aCUzRCUyMjUwMCUyMiUyMGhlaWdodCUzRCUyMjUwMCUyMiUyMGNsYXNzJTNEJTIyYWxpZ25jZW50ZXIlMjBjYXJkLTElMjBzaXplLWZ1bGwlMjB3cC1pbWFnZS05MTYlMjIlMjAlMkYlM0UlMEElM0NiciUzRSUwQSUzQ2g2JTIwc3R5bGUlM0QlMjJmb250LXNpemUlM0ElMjAxNnB4JTNCJTIwdGV4dC1hbGlnbiUzQSUyMGp1c3RpZnklM0IlMjBjb2xvciUzQSUyMCUyMzIyMjIyMiUzQiUyMiUzRVVrJUM1JTgyYWQlMjBzemtvbG55JTIwcG96d2FsYSUyMG5hJTIwJUM1JTgyYXR3ZSUyMHBvcnVzemFuaWUlMjBzaSVDNCU5OSUyMHBvJTIwc2FsaS4lMjBPY3p5JTIwd3N6eXN0a2ljaCUyMHNraWVyb3dhbmUlMjBzJUM0JTg1JTIwdyUyMGplZG55bSUyMGtpZXJ1bmt1LiUyMCVDNSU4MWF0d28lMjB0YWslQzUlQkNlJTIwcHJvd2FkemklQzQlODclMjBub3RhdGtpJTJDJTIwdWN6ZXN0bmljeSUyMG1vZyVDNCU4NSUyMHRhayVDNSVCQ2UlMjB3eWdvZG5pZSUyMGtvcnp5c3RhJUM0JTg3JTIweiUyMGtvbXB1dGVyJUMzJUIzdy4lM0MlMkZoNiUzRQ==[\/vc_raw_html][\/vc_column][vc_column width=&#8221;1\/3&#8243;][vc_raw_html]JTNDaW1nJTIwc3JjJTNEJTIyaHR0cCUzQSUyRiUyRmJhZHpvdy5wbCUyRndlc2VsYSUyRndwLWNvbnRlbnQlMkZ1cGxvYWRzJTJGMjAxNyUyRjA4JTJGc3RvbHlfdWtsYWRfcG9ka293YS5qcGclMjIlMjBhbHQlM0QlMjIlMjIlMjB3aWR0aCUzRCUyMjUwMCUyMiUyMGhlaWdodCUzRCUyMjUwMCUyMiUyMGNsYXNzJTNEJTIyYWxpZ25jZW50ZXIlMjBjYXJkLTElMjBzaXplLWZ1bGwlMjB3cC1pbWFnZS05MTYlMjIlMjAlMkYlM0UlMEElM0NiciUzRSUwQSUzQ2g2JTIwc3R5bGUlM0QlMjJmb250LXNpemUlM0ElMjAxNnB4JTNCJTIwdGV4dC1hbGlnbiUzQSUyMGp1c3RpZnklM0IlMjBjb2xvciUzQSUyMCUyMzIyMjIyMiUzQiUyMiUzRUR6aSVDNCU5OWtpJTIwdGFraWVtdSUyMHVzdGF3aWVuaXUlMjB3c3p5c2N5JTIwdWN6ZXN0bmljeSUyMHNwb3RrYW5pYSUyMHdpZHolQzQlODUlMjBla3JhbiUyMHBvZCUyMG9wdHltYWxueW0lMjBrJUM0JTg1dGVtJTJDJTIwamVkbmFrJTIwbmllJTIwc3Rhbm93aSUyMG9uJTIwY2VudHJ1bSUyMHphaW50ZXJlc293YW5pYS4lMjBQb2Rrb3dhJTIwZG9za29uYWxlJTIwc3ByYXdkemElMjBzaSVDNCU5OSUyMHBvZGN6YXMlMjBwcmFjeSUyMHclMjBwYXJhY2glMjBsdWIlMjBncnVwb3dlai4lMjBVc3Rhd2llbmllJTIwamVzdCUyMGRvc2tvbmElQzUlODJ5bSUyMHJvendpJUM0JTg1emFuaWVtJTJDJTIwamUlQzUlOUJsaSUyMHUlMjBzemN6eXR1JTIwc3RvJUM1JTgydSUyMHphc2lhZGFqJUM0JTg1JTIwcHJlbGVnZW5jaSUyQyUyMHd5ayVDNSU4MmFkb3djeSUyMGN6eSUyMGdvJUM1JTlCY2llJTIwc3BlY2phbG5pLiUzQyUyRmg2JTNF[\/vc_raw_html][\/vc_column][\/vc_row][vc_row][vc_column width=&#8221;1\/2&#8243;][vc_raw_html]JTNDaW1nJTIwc3JjJTNEJTIyaHR0cCUzQSUyRiUyRmJhZHpvdy5wbCUyRndlc2VsYSUyRndwLWNvbnRlbnQlMkZ1cGxvYWRzJTJGMjAxNyUyRjA4JTJGc3RvbHlfdWtsYWRfd2VzZWxueS5qcGclMjIlMjBhbHQlM0QlMjIlMjIlMjB3aWR0aCUzRCUyMjcwMCUyMiUyMGhlaWdodCUzRCUyMjgwMCUyMiUyMGNsYXNzJTNEJTIyYWxpZ25jZW50ZXIlMjBjYXJkLTElMjBzaXplLWZ1bGwlMjB3cC1pbWFnZS05MjklMjIlMjAlMkYlM0UlMEE=[\/vc_raw_html][\/vc_column][vc_column width=&#8221;1\/2&#8243;][vc_raw_html]JTNDaW1nJTIwc3JjJTNEJTIyaHR0cCUzQSUyRiUyRmJhZHpvdy5wbCUyRndlc2VsYSUyRndwLWNvbnRlbnQlMkZ1cGxvYWRzJTJGMjAxNyUyRjA4JTJGc3RvbHlfdWtsYWRfYmFyYm9ya293eS5qcGclMjIlMjBhbHQlM0QlMjIlMjIlMjB3aWR0aCUzRCUyMjcwMCUyMiUyMGhlaWdodCUzRCUyMjgwMCUyMiUyMGNsYXNzJTNEJTIyYWxpZ25jZW50ZXIlMjBjYXJkLTElMjBzaXplLWZ1bGwlMjB3cC1pbWFnZS05MjglMjIlMjAlMkYlM0U=[\/vc_raw_html][\/vc_column][\/vc_row][vc_row full_width=&#8221;stretch_row_content_no_spaces&#8221; gap=&#8221;3&#8243;][vc_column width=&#8221;1\/3&#8243;]<div class=\"trailer_box\"><a href=\"http:\/\/badzow.pl\/wesela\/wesela\/\" ><img class=\"scale-with-grid\" src=\"https:\/\/badzow.pl\/wesela\/wp-content\/uploads\/2017\/07\/home_baner_weselna_wesela.jpg\" alt=\"\" width=\"\" height=\"\"\/><div class=\"desc\"><h2>Wesela<\/h2><div class=\"line\"><\/div><\/div><\/a><\/div>\n[\/vc_column][vc_column width=&#8221;1\/3&#8243;]<div class=\"trailer_box\"><a href=\"http:\/\/badzow.pl\/wesela\/konferencje\/\" ><img class=\"scale-with-grid\" src=\"https:\/\/badzow.pl\/wesela\/wp-content\/uploads\/2017\/07\/home_baner_weselna_konferencje.jpg\" alt=\"\" width=\"\" height=\"\"\/><div class=\"desc\"><h2>Konferencje i Bankiety<\/h2><div class=\"line\"><\/div><\/div><\/a><\/div>\n[\/vc_column][vc_column width=&#8221;1\/3&#8243;]<div class=\"trailer_box\"><a href=\"http:\/\/badzow.pl\/wesela\/ogrod\/\" ><img class=\"scale-with-grid\" src=\"https:\/\/badzow.pl\/wesela\/wp-content\/uploads\/2017\/07\/ogrod_baner.jpg\" alt=\"\" width=\"\" height=\"\"\/><div class=\"desc\"><h2>Ogr\u00f3d<\/h2><div class=\"line\"><\/div><\/div><\/a><\/div>\n[\/vc_column][\/vc_row][vc_row][vc_column][vc_raw_html]JTNDaDElM0VEbyUyMHpvYmFjemVuaWElM0MlMkZoMSUzRSUwQSUzQ2g1JTNFdyUyMFplc3BvbGUlMjBQYSVDNSU4MmFjb3dvJTIwLSUyMFBhcmtvd3ltJTNDYnIlM0VCJUM0JTg1ZHolQzMlQjN3JTNDJTJGaDUlM0UlMEE=[\/vc_raw_html][\/vc_column][\/vc_row][vc_row][vc_column width=&#8221;1\/6&#8243;][\/vc_column][vc_column width=&#8221;2\/3&#8243;][vc_raw_html]JTNDaHIlM0UlMEElM0NoNCUzRU9yZ2FuaXp1amVteSUyMHdzemVsa2llZ28lMjByb2R6YWp1JTIwaW1wcmV6eSUyMG9rb2xpY3pubyVDNSU5QmNpb3dlLiUzQ2JyJTNFV2VzZWxhJTJDJTIwYmFua2lldHklMkMlMjBrb25mZXJlbmNqZSUyQyUyMGtvbXVuaWUlMkMlMjBjaHJ6Y2lueSUyQyUyMHN0eXB5LiUzQyUyRmg0JTNF[\/vc_raw_html][\/vc_column][vc_column width=&#8221;1\/6&#8243;][\/vc_column][\/vc_row]<\/p>\n","protected":false},"excerpt":{"rendered":"<p>[vc_row][vc_column][vc_raw_html]JTNDc3R5bGUlM0UlMEElNDBpbXBvcnQlMjB1cmwlMjglMjdodHRwcyUzQSUyRiUyRmZvbnRzLmdvb2dsZWFwaXMuY29tJTJGY3NzJTNGZmFtaWx5JTNEQ2luemVsJTdDRm9ydW0lN0NJTSUyQkZlbGwlMkJGcmVuY2glMkJDYW5vbiUyQlNDJTdDT2xkJTJCU3RhbmRhcmQlMkJUVCU3Q09yYW5pZW5iYXVtJTdDUGxheWZhaXIlMkJEaXNwbGF5JTdDUGxheWZhaXIlMkJEaXNwbGF5JTJCU0MlMjclMjklM0IlMEElMEFoMSUyMCUyMCUyMCU3QiUwQSUyMCUyMCUyMCUyMCUyMCUyMGZvbnQtZmFtaWx5JTNBJTIwJTI3UGxheWZhaXIlMjBEaXNwbGF5JTI3JTJDJTIwc2VyaWYlM0IlMEElMjAlMjAlMjAlMjAlMjBmb250LXNpemUlM0ElMjA0NXB4JTNCJTBBJTIwJTIwJTIwJTIwJTIwdGV4dC1hbGlnbiUzQSUyMGNlbnRlciUzQiUwQSUyMCUyMCUyMCUyMCUyMGZvbnQtc3R5bGUlM0ElMjBpdGFsaWMlM0IlMEElMjAlMjAlMjAlMjAlMjBsZXR0ZXItc3BhY2luZyUzQSUyMC0xcHglM0IlMEElMjAlMjAlMjAlMjAlMjBsaW5lLWhlaWdodCUzQSUyMDAuOSUzQiUwQSUyMCUyMCUyMCUyMCUyMGNvbG9yJTNBJTIwJTIzZDZjNDhhJTNCJTBBJTIwJTIwJTIwJTIwJTIwJTBBJTIwJTIwJTIwJTIwJTIwZm9udC13ZWlnaHQlM0ElMjA0MDAlM0IlMEElN0QlMEElMEFoMiUyMCUyMCUyMCU3QiUwQSUyMCUyMCUyMCUyMCUyMGZvbnQtZmFtaWx5JTNBJTIwJTI3UGxheWZhaXIlMjBEaXNwbGF5JTIwU0MlMjclMkMlMjBzZXJpZiUzQiUwQSUyMCUyMCUyMCUyMCUyMGZvbnQtc2l6ZSUzQSUyMDUwcHglM0IlMEElMjAlMjAlMjAlMjAlMjB0ZXh0LWFsaWduJTNBJTIwY2VudGVyJTNCJTBBJTIwJTIwJTIwJTIwJTIwbGluZS1oZWlnaHQlM0ElMjAxLjAlM0IlMEElMjAlMjAlMjAlMjAlMjBjb2xvciUzQSUyMCUyM2ZhZmFmYSUzQiUwQSUyMCUyMCUyMCUyMCUyMGZvbnQtd2VpZ2h0JTNBJTIwMzAwJTNCJTBBJTdEJTBBaDMlMjAlMjAlMjAlN0IlMEElMjAlMjAlMjAlMjAlMjBmb250LWZhbWlseSUzQSUyMCUyN1BsYXlmYWlyJTIwRGlzcGxheSUyMFNDJTI3JTJDJTIwc2VyaWYlM0IlMEElMjAlMjAlMjAlMjAlMjBmb250LXNpemUlM0ElMjAyMnB4JTNCJTBBJTIwJTIwJTIwJTIwJTIwdGV4dC1hbGlnbiUzQSUyMGNlbnRlciUzQiUwQSUyMCUyMCUyMCUyMCUyMGxpbmUtaGVpZ2h0JTNBJTIwMS4wJTNCJTBBJTIwJTIwJTIwJTIwJTIwY29sb3IlM0ElMjAlMjNmYWZhZmElM0IlMEElMjAlMjAlMjAlMjAlMjBmb250LXdlaWdodCUzQSUyMDMwMCUzQiUwQSU3RCUwQWg0JTIwJTIwJTIwJTdCJTBBJTIwJTIwJTIwJTIwZm9udC1mYW1pbHklM0ElMjAlMjdQbGF5ZmFpciUyMERpc3BsYXklMjclMkMlMjBzZXJpZiUzQiUwQSUyMCUyMCUyMCUyMCUyMGZvbnQtc2l6ZSUzQSUyMDIwcHglM0IlMEElMjAlMjAlMjAlMjAlMjAlMEElMjAlMjAlMjAlMjAlMjBsaW5lLWhlaWdodCUzQSUyMDEuMyUzQiUwQSUyMCUyMCUyMCUyMCUyMGNvbG9yJTNBJTIwJTIzNjE2MTYxJTNCJTBBJTIwJTIwJTIwJTIwJTIwZm9udC13ZWlnaHQlM0ElMjA0MDAlM0IlMEElMjAlMjAlMjAlMjAlMjBsZXR0ZXItc3BhY2luZyUzQSUyMC0xcHglM0IlMEElMjAlMjAlMjAlMjAlMjB0ZXh0LWFsaWduJTNBJTIwY2VudGVyJTNCJTBBJTdEJTBBJTBBaDYlMjAlMjAlMjAlN0IlMEElMjAlMjAlMjAlMjAlMjBmb250LWZhbWlseSUzQSUyMCUyN1BsYXlmYWlyJTIwRGlzcGxheSUyNyUyQyUyMHNlcmlmJTNCJTBBJTIwJTIwJTIwJTIwJTIwZm9udC1zaXplJTNBJTIwMTlweCUzQiUwQSUyMCUyMCUyMCUyMCUyMHRleHQtYWxpZ24lM0ElMjBqdXN0aWZ5JTNCJTBBJTIwJTIwJTIwJTIwJTIwbGluZS1oZWlnaHQlM0ElMjAxLjMlM0IlMEElMjAlMjAlMjAlMjAlMjBjb2xvciUzQSUyMCUyMzQyNDI0MiUzQiUwQSUyMCUyMCUyMCUyMCUyMGZvbnQtd2VpZ2h0JTNBJTIwMjAwJTNCJTBBJTdEJTBBJTBBaDUlMjAlMjAlMjAlN0IlMEElMjAlMjAlMjAlMjAlMjBmb250LWZhbWlseSUzQSUyMCUyN1BsYXlmYWlyJTIwRGlzcGxheSUyMFNDJTI3JTJDJTIwc2VyaWYlM0IlMEElMjAlMjAlMjAlMjAlMjBmb250LXNpemUlM0ElMjA0MnB4JTNCJTBBJTIwJTIwJTIwJTIwJTIwdGV4dC1hbGlnbiUzQSUyMGNlbnRlciUzQiUwQSUyMCUyMCUyMCUyMCUyMGxpbmUtaGVpZ2h0JTNBJTIwMC45JTNCJTBBJTIwJTIwJTIwJTIwJTIwY29sb3IlM0ElMjAlMjM0MjQyNDIlM0IlMEElMjAlMjAlMjAlMjAlMjBsZXR0ZXItc3BhY2luZyUzQSUyMC0ycHglM0IlMEElMjAlMjAlMjAlMjAlMjBmb250LXdlaWdodCUzQSUyMDMwMCUzQiUwQSU3RCUwQSUwQWhyJTIwJTdCJTBBJTIwJTIwJTIwJTIwYWxpZ24lM0ElMjBjZW50ZXIlM0IlMEElMjAlMjAlMjAlMjB3aWR0aCUzQSUyMDQwJTI1JTNCJTBBJTIwJTIwJTIwJTIwaGVpZ2h0JTNBJTIwMXB4JTNCJTBBJTIwJTIwJTIwJTIwJTBBJTdEJTBBJTBBJTBBJTNDJTJGc3R5bGUlM0U=[\/vc_raw_html][\/vc_column][\/vc_row][vc_row][vc_column][vc_raw_html]JTNDaW1nJTIwc3JjJTNEJTIyaHR0cCUzQSUyRiUyRmJhZHpvdy5wbCUyRndlc2VsYSUyRndwLWNvbnRlbnQlMkZ1cGxvYWRzJTJGMjAxNyUyRjA3JTJGZmF2XzIwMHcucG5nJTIyJTIwYWx0JTNEJTIyJTIyJTIwd2lkdGglM0QlMjIxMDAlMjIlMjBoZWlnaHQlM0QlMjI4MSUyMiUyMGNsYXNzJTNEJTIyYWxpZ25jZW50ZXIlMjBzaXplLWZ1bGwlMjB3cC1pbWFnZS04MCUyMiUyMCUyRiUzRSUwQSUzQ2g1JTNFVWslQzUlODJhZHklMjBzdG8lQzUlODIlQzMlQjN3JTNDJTJGaDUlM0UlMEElM0NoNiUzRVByZXplbnRhY2plJTJDJTIwd2Fyc3p0YXR5JTIwZWR1a2FjeWpuZSUyQyUyMGtvbmZlcmVuY2plJTJDJTIwc3ltcG96amElMjAlRTIlODAlOTMlMjB3c3p5c3RraWUlMjB0ZSUyMHd5ZGFyemVuaWElMjBtb2clQzQlODUlMjBtaWUlQzQlODclMjByb3ptYWl0ZSUyMGZvcm15JTJDJTIwYSUyMHphdGVtJTIwc3BlJUM1JTgybmlhJUM0JTg3JTIwb2RtaWVubmUlMjBmdW5rY2plLiUyMFpkYWplbXklMjBzb2JpZSUyMHNwcmF3JUM0JTk5JTJDJTIwJUM1JUJDZSUyMHVrJUM1JTgyYWQlMjBzYWxpJTIwbW8lQzUlQkNlJTIwUGElQzUlODRzdHd1JTIwdSVDNSU4MmF0d2klQzQlODclMkMlMjBhbGJvJTIwdXRydWRuaSVDNCU4NyUyMHByb3dhZHplbmllJTIwc3BvdGthbmlhLiUyMERsYXRlZ28lMjBwcnplZHN0YXdpYW15JTIwdXN0YXdpZW5pYSUyMHN0byVDNSU4MiVDMyVCM3clMjBpJTIwa3J6ZXNlJUM1JTgyJTIwcHJlZmVyb3dhbmUlMjBuYSUyMHNwb3RrYW5pYWNoJTIwYml6bmVzb3d5Y2glMjBpJTIwaW5ueWNoJTJDJTIwYWJ5JTIwd3licmFsaSUyMFBhJUM1JTg0c3R3byUyMHRlbiUyQyUyMGt0JUMzJUIzcnklMjBiJUM0JTk5ZHppZSUyMG9kcG93aWVkbmklMjBkbGElMjBwb3RyemViJTIwcHJvd2FkeiVDNCU4NWN5Y2glMjBpJTIwdWN6ZXN0bmlrJUMzJUIzdy4lM0MlMkZoNiUzRSUwQSUzQ2g2JTNFU2NoZW1hdHljem5hJTIwcHJlemVudGFjamElMjBwb3p3b2xpJTIwem9icmF6b3dhJUM0JTg3JTIwdWslQzUlODJhZHUlMjBzdG8lQzUlODIlQzMlQjN3JTJDJTIwbWFrc3ltYWxuYSUyMGxpY3piYSUyMG1pZWpzYyUyMHclMjBkYW55bSUyMHVrJUM1JTgyYWR6aWUlMjB6YXdhcnRhJTIwamVzdCUyMG5hJTIwc2NoZW1hY2llLiUzQyUyRmg2JTNF[\/vc_raw_html][\/vc_column][\/vc_row][vc_row full_width=&#8221;stretch_row&#8221; css=&#8221;.vc_custom_1503137919841{background-color: #fafafa !important;}&#8221;][vc_column width=&#8221;1\/3&#8243;][vc_raw_html]JTNDaW1nJTIwc3JjJTNEJTIyaHR0cCUzQSUyRiUyRmJhZHpvdy5wbCUyRndlc2VsYSUyRndwLWNvbnRlbnQlMkZ1cGxvYWRzJTJGMjAxNyUyRjA4JTJGc3RvbHlfdWtsYWRfdGVhdHJhbG55LmpwZyUyMiUyMGFsdCUzRCUyMiUyMiUyMHdpZHRoJTNEJTIyNTAwJTIyJTIwaGVpZ2h0JTNEJTIyNTAwJTIyJTIwY2xhc3MlM0QlMjJhbGlnbmNlbnRlciUyMGNhcmQtMSUyMHNpemUtZnVsbCUyMHdwLWltYWdlLTkxNiUyMiUyMCUyRiUzRSUwQSUzQ2JyJTNFJTBBJTNDaDYlMjBzdHlsZSUzRCUyMmZvbnQtc2l6ZSUzQSUyMDE2cHglM0IlMjB0ZXh0LWFsaWduJTNBJTIwanVzdGlmeSUzQiUyMGNvbG9yJTNBJTIwJTIzMjIyMjIyJTNCJTIyJTNFVWslQzUlODJhZCUyMHRlZ28lMjB0eXB1JTIwc3ByYXdkemElMjBzaSVDNCU5OSUyMGlkZWFsbmllJTIwcG9kY3phcyUyMG9nbCVDNCU4NWRhbmlhJTIwZCVDNSU4MnUlQzUlQkNzenljaCUyMHByZXplbnRhY2ppLiUyMEtyemVzJUM1JTgyYSUyMHUlQzUlODJvJUM1JUJDb25lJTIwcyVDNCU4NSUyMGphayUyMHclMjBraW5pZSUyMGIlQzQlODVkJUM1JUJBJTIwdGVhdHJ6ZSUyQyUyMGElMjB6YXRlbSUyMHVjemVzdG5pY3klMjBtYWolQzQlODUlMjBiYXJkem8lMjBkb2JyeSUyMHdpZG9rJTIwbmElMjBla3Jhbi4lMjBEb2RhdGtvd28lMjBrYSVDNSVCQ2R5JTIwcG9zaWFkYSUyMGRvZ29kbmUlMjBkb2olQzUlOUJjaWUlMjBkbyUyMHN3b2plZ28lMjBtaWVqc2NhLiUzQyUyRmg2JTNFJTBB[\/vc_raw_html][\/vc_column][vc_column width=&#8221;1\/3&#8243;][vc_raw_html]JTNDaW1nJTIwc3JjJTNEJTIyaHR0cCUzQSUyRiUyRmJhZHpvdy5wbCUyRndlc2VsYSUyRndwLWNvbnRlbnQlMkZ1cGxvYWRzJTJGMjAxNyUyRjA4JTJGc3RvbHlfdWtsYWRfc3prb2xueS5qcGclMjIlMjBhbHQlM0QlMjIlMjIlMjB3aWR0aCUzRCUyMjUwMCUyMiUyMGhlaWdodCUzRCUyMjUwMCUyMiUyMGNsYXNzJTNEJTIyYWxpZ25jZW50ZXIlMjBjYXJkLTElMjBzaXplLWZ1bGwlMjB3cC1pbWFnZS05MTYlMjIlMjAlMkYlM0UlMEElM0NiciUzRSUwQSUzQ2g2JTIwc3R5bGUlM0QlMjJmb250LXNpemUlM0ElMjAxNnB4JTNCJTIwdGV4dC1hbGlnbiUzQSUyMGp1c3RpZnklM0IlMjBjb2xvciUzQSUyMCUyMzIyMjIyMiUzQiUyMiUzRVVrJUM1JTgyYWQlMjBzemtvbG55JTIwcG96d2FsYSUyMG5hJTIwJUM1JTgyYXR3ZSUyMHBvcnVzemFuaWUlMjBzaSVDNCU5OSUyMHBvJTIwc2FsaS4lMjBPY3p5JTIwd3N6eXN0a2ljaCUyMHNraWVyb3dhbmUlMjBzJUM0JTg1JTIwdyUyMGplZG55bSUyMGtpZXJ1bmt1LiUyMCVDNSU4MWF0d28lMjB0YWslQzUlQkNlJTIwcHJvd2FkemklQzQlODclMjBub3RhdGtpJTJDJTIwdWN6ZXN0bmljeSUyMG1vZyVDNCU4NSUyMHRhayVDNSVCQ2UlMjB3eWdvZG5pZSUyMGtvcnp5c3RhJUM0JTg3JTIweiUyMGtvbXB1dGVyJUMzJUIzdy4lM0MlMkZoNiUzRQ==[\/vc_raw_html][\/vc_column][vc_column width=&#8221;1\/3&#8243;][vc_raw_html]JTNDaW1nJTIwc3JjJTNEJTIyaHR0cCUzQSUyRiUyRmJhZHpvdy5wbCUyRndlc2VsYSUyRndwLWNvbnRlbnQlMkZ1cGxvYWRzJTJGMjAxNyUyRjA4JTJGc3RvbHlfdWtsYWRfcG9ka293YS5qcGclMjIlMjBhbHQlM0QlMjIlMjIlMjB3aWR0aCUzRCUyMjUwMCUyMiUyMGhlaWdodCUzRCUyMjUwMCUyMiUyMGNsYXNzJTNEJTIyYWxpZ25jZW50ZXIlMjBjYXJkLTElMjBzaXplLWZ1bGwlMjB3cC1pbWFnZS05MTYlMjIlMjAlMkYlM0UlMEElM0NiciUzRSUwQSUzQ2g2JTIwc3R5bGUlM0QlMjJmb250LXNpemUlM0ElMjAxNnB4JTNCJTIwdGV4dC1hbGlnbiUzQSUyMGp1c3RpZnklM0IlMjBjb2xvciUzQSUyMCUyMzIyMjIyMiUzQiUyMiUzRUR6aSVDNCU5OWtpJTIwdGFraWVtdSUyMHVzdGF3aWVuaXUlMjB3c3p5c2N5JTIwdWN6ZXN0bmljeSUyMHNwb3RrYW5pYSUyMHdpZHolQzQlODUlMjBla3JhbiUyMHBvZCUyMG9wdHltYWxueW0lMjBrJUM0JTg1dGVtJTJDJTIwamVkbmFrJTIwbmllJTIwc3Rhbm93aSUyMG9uJTIwY2VudHJ1bSUyMHphaW50ZXJlc293YW5pYS4lMjBQb2Rrb3dhJTIwZG9za29uYWxlJTIwc3ByYXdkemElMjBzaSVDNCU5OSUyMHBvZGN6YXMlMjBwcmFjeSUyMHclMjBwYXJhY2glMjBsdWIlMjBncnVwb3dlai4lMjBVc3Rhd2llbmllJTIwamVzdCUyMGRvc2tvbmElQzUlODJ5bSUyMHJvendpJUM0JTg1emFuaWVtJTJDJTIwamUlQzUlOUJsaSUyMHUlMjBzemN6eXR1JTIwc3RvJUM1JTgydSUyMHphc2lhZGFqJUM0JTg1JTIwcHJlbGVnZW5jaSUyQyUyMHd5ayVDNSU4MmFkb3djeSUyMGN6eSUyMGdvJUM1JTlCY2llJTIwc3BlY2phbG5pLiUzQyUyRmg2JTNF[\/vc_raw_html][\/vc_column][\/vc_row][vc_row][vc_column width=&#8221;1\/2&#8243;][vc_raw_html]JTNDaW1nJTIwc3JjJTNEJTIyaHR0cCUzQSUyRiUyRmJhZHpvdy5wbCUyRndlc2VsYSUyRndwLWNvbnRlbnQlMkZ1cGxvYWRzJTJGMjAxNyUyRjA4JTJGc3RvbHlfdWtsYWRfd2VzZWxueS5qcGclMjIlMjBhbHQlM0QlMjIlMjIlMjB3aWR0aCUzRCUyMjcwMCUyMiUyMGhlaWdodCUzRCUyMjgwMCUyMiUyMGNsYXNzJTNEJTIyYWxpZ25jZW50ZXIlMjBjYXJkLTElMjBzaXplLWZ1bGwlMjB3cC1pbWFnZS05MjklMjIlMjAlMkYlM0UlMEE=[\/vc_raw_html][\/vc_column][vc_column width=&#8221;1\/2&#8243;][vc_raw_html]JTNDaW1nJTIwc3JjJTNEJTIyaHR0cCUzQSUyRiUyRmJhZHpvdy5wbCUyRndlc2VsYSUyRndwLWNvbnRlbnQlMkZ1cGxvYWRzJTJGMjAxNyUyRjA4JTJGc3RvbHlfdWtsYWRfYmFyYm9ya293eS5qcGclMjIlMjBhbHQlM0QlMjIlMjIlMjB3aWR0aCUzRCUyMjcwMCUyMiUyMGhlaWdodCUzRCUyMjgwMCUyMiUyMGNsYXNzJTNEJTIyYWxpZ25jZW50ZXIlMjBjYXJkLTElMjBzaXplLWZ1bGwlMjB3cC1pbWFnZS05MjglMjIlMjAlMkYlM0U=[\/vc_raw_html][\/vc_column][\/vc_row][vc_row full_width=&#8221;stretch_row_content_no_spaces&#8221; gap=&#8221;3&#8243;][vc_column width=&#8221;1\/3&#8243;][\/vc_column][vc_column width=&#8221;1\/3&#8243;][\/vc_column][vc_column width=&#8221;1\/3&#8243;][\/vc_column][\/vc_row][vc_row][vc_column][vc_raw_html]JTNDaDElM0VEbyUyMHpvYmFjemVuaWElM0MlMkZoMSUzRSUwQSUzQ2g1JTNFdyUyMFplc3BvbGUlMjBQYSVDNSU4MmFjb3dvJTIwLSUyMFBhcmtvd3ltJTNDYnIlM0VCJUM0JTg1ZHolQzMlQjN3JTNDJTJGaDUlM0UlMEE=[\/vc_raw_html][\/vc_column][\/vc_row][vc_row][vc_column width=&#8221;1\/6&#8243;][\/vc_column][vc_column width=&#8221;2\/3&#8243;][vc_raw_html]JTNDaHIlM0UlMEElM0NoNCUzRU9yZ2FuaXp1amVteSUyMHdzemVsa2llZ28lMjByb2R6YWp1JTIwaW1wcmV6eSUyMG9rb2xpY3pubyVDNSU5QmNpb3dlLiUzQ2JyJTNFV2VzZWxhJTJDJTIwYmFua2lldHklMkMlMjBrb25mZXJlbmNqZSUyQyUyMGtvbXVuaWUlMkMlMjBjaHJ6Y2lueSUyQyUyMHN0eXB5LiUzQyUyRmg0JTNF[\/vc_raw_html][\/vc_column][vc_column width=&#8221;1\/6&#8243;][\/vc_column][\/vc_row]<\/p>\n","protected":false},"author":1,"featured_media":0,"parent":0,"menu_order":0,"comment_status":"closed","ping_status":"closed","template":"","meta":[],"_links":{"self":[{"href":"https:\/\/badzow.pl\/wesela\/wp-json\/wp\/v2\/pages\/905"}],"collection":[{"href":"https:\/\/badzow.pl\/wesela\/wp-json\/wp\/v2\/pages"}],"about":[{"href":"https:\/\/badzow.pl\/wesela\/wp-json\/wp\/v2\/types\/page"}],"author":[{"embeddable":true,"href":"https:\/\/badzow.pl\/wesela\/wp-json\/wp\/v2\/users\/1"}],"replies":[{"embeddable":true,"href":"https:\/\/badzow.pl\/wesela\/wp-json\/wp\/v2\/comments?post=905"}],"version-history":[{"count":41,"href":"https:\/\/badzow.pl\/wesela\/wp-json\/wp\/v2\/pages\/905\/revisions"}],"predecessor-version":[{"id":1168,"href":"https:\/\/badzow.pl\/wesela\/wp-json\/wp\/v2\/pages\/905\/revisions\/1168"}],"wp:attachment":[{"href":"https:\/\/badzow.pl\/wesela\/wp-json\/wp\/v2\/media?parent=905"}],"curies":[{"name":"wp","href":"https:\/\/api.w.org\/{rel}","templated":true}]}}